{"id":56476,"date":"2022-03-29T16:46:39","date_gmt":"2022-03-29T16:46:39","guid":{"rendered":"https:\/\/wolfcox.com\/home-new\/"},"modified":"2022-03-29T17:39:08","modified_gmt":"2022-03-29T17:39:08","slug":"home-new","status":"publish","type":"page","link":"https:\/\/wolfcox.com\/es\/","title":{"rendered":"Home new"},"content":{"rendered":"<div class=\"wpb-content-wrapper\"><p>[vc_row full_width=&#8221;stretch_row_content_no_spaces&#8221; full_height=&#8221;yes&#8221; columns_placement=&#8221;stretch&#8221; equal_height=&#8221;yes&#8221; content_placement=&#8221;bottom&#8221; bg_type=&#8221;image&#8221; parallax_style=&#8221;vcpb-vz-jquery&#8221; bg_image_new=&#8221;id^56066|url^https:\/\/wolfcox.com\/wp-content\/uploads\/2021\/09\/shutterstock_203425975-1.jpeg|caption^Tokyo automated guide-way train (Yurikamome) at night.|alt^null|title^Tokyo,Automated,Guide-way,Train,(yurikamome),At,Night.|description^null&#8221; bg_image_repeat=&#8221;no-repeat&#8221; bg_override=&#8221;full&#8221; disable_on_mobile_img_parallax=&#8221;disable_on_mobile_img_parallax_value&#8221; css=&#8221;.vc_custom_1632425288873{background-position: center !important;background-repeat: no-repeat !important;background-size: cover !important;}&#8221;][vc_column css=&#8221;.vc_custom_1632424241778{padding-top: 150px !important;padding-right: 20px !important;padding-bottom: 50px !important;padding-left: 20px !important;background-position: center !important;background-repeat: no-repeat !important;background-size: cover !important;}&#8221;]<style type=\"text\/css\" data-type=\"the7_shortcodes-inline-css\">.shortcode-single-image-wrap.shortcode-single-image-3e020f4dbcf551849805b03bf0d12cd3.enable-bg-rollover .rollover i,\n.shortcode-single-image-wrap.shortcode-single-image-3e020f4dbcf551849805b03bf0d12cd3.enable-bg-rollover .rollover-video i {\n  background: -webkit-linear-gradient();\n  background: linear-gradient();\n}\n.shortcode-single-image-wrap.shortcode-single-image-3e020f4dbcf551849805b03bf0d12cd3 .rollover-icon {\n  font-size: 32px;\n  color: #ffffff;\n  min-width: 44px;\n  min-height: 44px;\n  line-height: 44px;\n  border-radius: 100px;\n  border-style: solid;\n  border-width: 0px;\n}\n.dt-icon-bg-on.shortcode-single-image-wrap.shortcode-single-image-3e020f4dbcf551849805b03bf0d12cd3 .rollover-icon {\n  background: rgba(255,255,255,0.3);\n  box-shadow: none;\n}<\/style><style type=\"text\/css\" data-type=\"the7_shortcodes-inline-css\">.dt-shortcode-icon.icon-0dc99aa1124feace0b912ddb1773e5e6 {\n  min-width: 60px;\n  min-height: 60px;\n  font-size: 40px;\n  border-radius: 100px;\n}\n.dt-shortcode-icon.icon-0dc99aa1124feace0b912ddb1773e5e6:last-child {\n  margin-right: 0;\n}\n.dt-shortcode-icon.icon-0dc99aa1124feace0b912ddb1773e5e6 .icon-inner {\n  margin: 0px;\n  min-width: 60px;\n  min-height: 60px;\n  border-radius: 100px;\n}\n.dt-shortcode-icon.icon-0dc99aa1124feace0b912ddb1773e5e6 .dt-hover-icon {\n  line-height: 60px;\n}\n.dt-shortcode-icon.icon-0dc99aa1124feace0b912ddb1773e5e6:before,\n.dt-shortcode-icon.icon-0dc99aa1124feace0b912ddb1773e5e6:after,\n.dt-shortcode-icon.icon-0dc99aa1124feace0b912ddb1773e5e6 .icon-inner:before,\n.dt-shortcode-icon.icon-0dc99aa1124feace0b912ddb1773e5e6 .icon-inner:after {\n  min-width: 100%;\n  min-height: 100%;\n  padding: inherit;\n  border-radius: inherit;\n}\n.dt-shortcode-icon.icon-0dc99aa1124feace0b912ddb1773e5e6.dt-icon-border-on:before {\n  border-width: 0px;\n  border-style: solid;\n}\n.dt-icon-border-dashed.dt-shortcode-icon.icon-0dc99aa1124feace0b912ddb1773e5e6.dt-icon-border-on:before {\n  border-style: dashed;\n}\n.dt-icon-border-dotted.dt-shortcode-icon.icon-0dc99aa1124feace0b912ddb1773e5e6.dt-icon-border-on:before {\n  border-style: dotted;\n}\n.dt-icon-border-double.dt-shortcode-icon.icon-0dc99aa1124feace0b912ddb1773e5e6.dt-icon-border-on:before {\n  border-style: double;\n}\n.dt-shortcode-icon.icon-0dc99aa1124feace0b912ddb1773e5e6.dt-icon-hover-border-on:after {\n  border-width: 0px;\n  border-style: solid;\n}\n.dt-icon-border-dashed.dt-shortcode-icon.icon-0dc99aa1124feace0b912ddb1773e5e6.dt-icon-hover-border-on:after {\n  border-style: dashed;\n}\n.dt-icon-border-dotted.dt-shortcode-icon.icon-0dc99aa1124feace0b912ddb1773e5e6.dt-icon-hover-border-on:after {\n  border-style: dotted;\n}\n.dt-icon-border-double.dt-shortcode-icon.icon-0dc99aa1124feace0b912ddb1773e5e6.dt-icon-hover-border-on:after {\n  border-style: double;\n}\n.dt-shortcode-icon.icon-0dc99aa1124feace0b912ddb1773e5e6.dt-icon-hover-on:hover {\n  font-size: 40px;\n}\n#page .dt-shortcode-icon.icon-0dc99aa1124feace0b912ddb1773e5e6.dt-icon-hover-on:hover .soc-font-icon,\n#phantom .dt-shortcode-icon.icon-0dc99aa1124feace0b912ddb1773e5e6.dt-icon-hover-on:hover .soc-font-icon,\n#page .dt-shortcode-icon.icon-0dc99aa1124feace0b912ddb1773e5e6.dt-icon-hover-on:hover .soc-icon,\n#phantom .dt-shortcode-icon.icon-0dc99aa1124feace0b912ddb1773e5e6.dt-icon-hover-on:hover .soc-icon {\n  color: rgba(255,255,255,0.75);\n  background: none;\n}\n#page .dt-shortcode-icon.icon-0dc99aa1124feace0b912ddb1773e5e6.dt-icon-hover-on:not(:hover) .soc-font-icon,\n#phantom .dt-shortcode-icon.icon-0dc99aa1124feace0b912ddb1773e5e6.dt-icon-hover-on:not(:hover) .soc-font-icon,\n#page .dt-shortcode-icon.icon-0dc99aa1124feace0b912ddb1773e5e6.dt-icon-hover-on:not(:hover) .soc-icon,\n#phantom .dt-shortcode-icon.icon-0dc99aa1124feace0b912ddb1773e5e6.dt-icon-hover-on:not(:hover) .soc-icon,\n#page .dt-shortcode-icon.icon-0dc99aa1124feace0b912ddb1773e5e6.dt-icon-hover-off .soc-font-icon,\n#phantom .dt-shortcode-icon.icon-0dc99aa1124feace0b912ddb1773e5e6.dt-icon-hover-off .soc-font-icon,\n#page .dt-shortcode-icon.icon-0dc99aa1124feace0b912ddb1773e5e6.dt-icon-hover-off .soc-icon,\n#phantom .dt-shortcode-icon.icon-0dc99aa1124feace0b912ddb1773e5e6.dt-icon-hover-off .soc-icon {\n  color: #ffffff;\n  background: none;\n}\n.dt-shortcode-icon.icon-0dc99aa1124feace0b912ddb1773e5e6 .soc-font-icon,\n.dt-shortcode-icon.icon-0dc99aa1124feace0b912ddb1773e5e6 .soc-icon {\n  font-size: 40px;\n}<\/style><div class=\"dt-shortcode-icon-wrap dt-icon-center \"><a title=\"\" href=\"#!\/welcome\" class=\"anchor-link icomoon-the7-font-the7-arrow-29-1 icon-0dc99aa1124feace0b912ddb1773e5e6 dt-shortcode-icon dt-icon-bg-off dt-icon-border-on dt-icon-hover-on dt-icon-hover-bg-on dt-icon-animate-slide-up  \" ><span class=\"icon-inner\"><i class=\"dt-regular-icon soc-icon icomoon-the7-font-the7-arrow-29-1\"><\/i><i class=\"dt-hover-icon soc-icon icomoon-the7-font-the7-arrow-29-1\"><\/i><span class=\"screen-reader-text\"><\/span><\/span><\/a><\/div>[\/vc_column][\/vc_row][vc_row equal_height=&#8221;yes&#8221; content_placement=&#8221;top&#8221; bg_type=&#8221;image&#8221; parallax_style=&#8221;vcpb-default&#8221; bg_image_new=&#8221;id^56117|url^https:\/\/wolfcox.com\/wp-content\/uploads\/2021\/09\/lines-blue-light-blue-1.png|caption^null|alt^null|title^lines-blue-light-blue|description^null&#8221; bg_image_repeat=&#8221;no-repeat&#8221; bg_image_size=&#8221;initial&#8221; bg_image_posiiton=&#8221;25% 25%&#8221; type=&#8221;vc_default&#8221; css=&#8221;.vc_custom_1642618115506{padding-top: 70px !important;padding-bottom: 00px !important;}&#8221; el_id=&#8221;welcome&#8221;][vc_column]<div id=\"ultimate-heading-943169ea318741f44\" class=\"uvc-heading ult-adjust-bottom-margin ultimate-heading-943169ea318741f44 uvc-1175 accent-border-color color-title\" data-hspacer=\"line_only\"  data-halign=\"center\" style=\"text-align:center\"><div class=\"uvc-main-heading ult-responsive\"  data-ultimate-target='.uvc-heading.ultimate-heading-943169ea318741f44 h2'  data-responsive-json-new='{\"font-size\":\"desktop:30px;\",\"line-height\":\"desktop:40px;\"}' ><h2 style=\"font-weight:bold;margin-bottom:10px;\">Bienvenido a Wolfcox<\/h2><\/div><div class=\"uvc-heading-spacer line_only\" style=\"margin-bottom:60px;height:3px;\"><span class=\"uvc-headings-line\" style=\"border-style:solid;border-bottom-width:3px;border-color:#ccc;width:150px;\"><\/span><\/div><\/div>[vc_column_text css=&#8221;.vc_custom_1642618170258{padding-top: 25px !important;}&#8221;]<strong><span style=\"color: #0000ff;\">REVOLUCI\u00d3N<\/span> <span style=\"color: #00ccff;\">tecnol\u00f3gica<\/span><\/strong><\/p>\n<p class=\"p1\">Nos encontramos en un momento de la historia en donde los seres humanos han descubierto que con la adecuada utilizaci\u00f3n de soluciones tecnol\u00f3gicas pueden lograr m\u00e1s f\u00e1cilmente sus objetivos laborales, personales y como sociedad.<\/p>\n<p class=\"p1\">Hoy la tecnolog\u00eda integra todos los aspectos de la vida moderna y converge en una forma novedosa de hacer las cosas de siempre pero de una manera superior, m\u00e1s r\u00e1pida y que genere un impacto favorable a la comunidad.<\/p>\n<p class=\"p1\">En Wolfcox identificamos esta tendencia como algo irreversible en donde cada d\u00eda veremos nuevas soluciones a los temas relevantes apoyadas en internet, los datos y la alta capacidad de reconocer patrones comunes en donde las maquinas y los programas aprendan ellos mismos como identificar oportunidades que sean beneficiosas al ser humano.<\/p>\n<p>[\/vc_column_text][\/vc_column][vc_column width=&#8221;2\/3&#8243; offset=&#8221;vc_col-lg-offset-0 vc_col-lg-6 vc_col-md-offset-0 vc_col-md-6 vc_col-sm-offset-2 vc_col-xs-12&#8243; css=&#8221;.vc_custom_1573122573221{padding-bottom: 50px !important;}&#8221;][\/vc_column][vc_column width=&#8221;2\/3&#8243; offset=&#8221;vc_col-lg-offset-0 vc_col-lg-6 vc_col-md-offset-0 vc_col-md-6 vc_col-sm-offset-2 vc_col-xs-12&#8243; css=&#8221;.vc_custom_1573122577898{padding-bottom: 50px !important;}&#8221;][\/vc_column][\/vc_row][vc_row full_width=&#8221;stretch_row&#8221; equal_height=&#8221;yes&#8221; margin_top=&#8221;55&#8243; margin_bottom=&#8221;45&#8243; type=&#8221;vc_default&#8221; css=&#8221;.vc_custom_1642618327073{padding-top: 30px !important;padding-bottom: 30px !important;background-color: rgba(0,0,0,0.04) !important;*background-color: rgb(0,0,0) !important;}&#8221;][vc_column]<div id=\"ultimate-heading-499369ea318741fa0\" class=\"uvc-heading ult-adjust-bottom-margin ultimate-heading-499369ea318741fa0 uvc-6107 accent-border-color color-title\" data-hspacer=\"line_only\"  data-halign=\"center\" style=\"text-align:center\"><div class=\"uvc-main-heading ult-responsive\"  data-ultimate-target='.uvc-heading.ultimate-heading-499369ea318741fa0 h2'  data-responsive-json-new='{\"font-size\":\"desktop:30px;\",\"line-height\":\"desktop:40px;\"}' ><h2 style=\"font-weight:bold;margin-bottom:10px;\">Quienes somos<\/h2><\/div><div class=\"uvc-heading-spacer line_only\" style=\"margin-bottom:60px;height:3px;\"><span class=\"uvc-headings-line\" style=\"border-style:solid;border-bottom-width:3px;border-color:#ccc;width:150px;\"><\/span><\/div><\/div>[vc_column_text]Somos un equipo de personas apasionados por la tecnolog\u00eda y como la misma puede ayudarnos a mejorar nuestro mundo. Nos identificamos con la flexibilidad y adaptaci\u00f3n permanente acorde al constante cambio en nuestra sociedad. Procuramos aportar todo nuestro esfuerzo en la tarea y nuestras responsabilidades con fuertes convicciones de dedicaci\u00f3n, esmero y respeto a nuestros clientes, la sociedad y la naturaleza.[\/vc_column_text][\/vc_column][\/vc_row]<\/p>\n<\/div>","protected":false},"excerpt":{"rendered":"<p>[vc_row full_width=&#8221;stretch_row_content_no_spaces&#8221; full_height=&#8221;yes&#8221; columns_placement=&#8221;stretch&#8221; equal_height=&#8221;yes&#8221; content_placement=&#8221;bottom&#8221; bg_type=&#8221;image&#8221; parallax_style=&#8221;vcpb-vz-jquery&#8221; bg_image_new=&#8221;id^56066|url^https:\/\/wolfcox.com\/wp-content\/uploads\/2021\/09\/shutterstock_203425975-1.jpeg|caption^Tokyo automated guide-way train (Yurikamome) at night.|alt^null|title^Tokyo,Automated,Guide-way,Train,(yurikamome),At,Night.|description^null&#8221; bg_image_repeat=&#8221;no-repeat&#8221; bg_override=&#8221;full&#8221; disable_on_mobile_img_parallax=&#8221;disable_on_mobile_img_parallax_value&#8221; css=&#8221;.vc_custom_1632425288873{background-position: center !important;background-repeat: no-repeat !important;background-size: cover !important;}&#8221;][vc_column css=&#8221;.vc_custom_1632424241778{padding-top: 150px !important;padding-right: 20px !important;padding-bottom: 50px !important;padding-left: 20px !important;background-position: center !important;background-repeat: no-repeat !important;background-size: cover !important;}&#8221;][\/vc_column][\/vc_row][vc_row equal_height=&#8221;yes&#8221; content_placement=&#8221;top&#8221; bg_type=&#8221;image&#8221; parallax_style=&#8221;vcpb-default&#8221; bg_image_new=&#8221;id^56117|url^https:\/\/wolfcox.com\/wp-content\/uploads\/2021\/09\/lines-blue-light-blue-1.png|caption^null|alt^null|title^lines-blue-light-blue|description^null&#8221; bg_image_repeat=&#8221;no-repeat&#8221; bg_image_size=&#8221;initial&#8221; bg_image_posiiton=&#8221;25% 25%&#8221; type=&#8221;vc_default&#8221; css=&#8221;.vc_custom_1642618115506{padding-top: 70px !important;padding-bottom: 00px !important;}&#8221;&hellip;<\/p>\n","protected":false},"author":5,"featured_media":0,"parent":0,"menu_order":0,"comment_status":"closed","ping_status":"closed","template":"","meta":{"nf_dc_page":"","om_disable_all_campaigns":false,"_monsterinsights_skip_tracking":false,"_monsterinsights_sitenote_active":false,"_monsterinsights_sitenote_note":"","_monsterinsights_sitenote_category":0,"footnotes":""},"class_list":["post-56476","page","type-page","status-publish","hentry","description-off"],"jetpack_sharing_enabled":true,"_links":{"self":[{"href":"https:\/\/wolfcox.com\/es\/wp-json\/wp\/v2\/pages\/56476","targetHints":{"allow":["GET"]}}],"collection":[{"href":"https:\/\/wolfcox.com\/es\/wp-json\/wp\/v2\/pages"}],"about":[{"href":"https:\/\/wolfcox.com\/es\/wp-json\/wp\/v2\/types\/page"}],"author":[{"embeddable":true,"href":"https:\/\/wolfcox.com\/es\/wp-json\/wp\/v2\/users\/5"}],"replies":[{"embeddable":true,"href":"https:\/\/wolfcox.com\/es\/wp-json\/wp\/v2\/comments?post=56476"}],"version-history":[{"count":5,"href":"https:\/\/wolfcox.com\/es\/wp-json\/wp\/v2\/pages\/56476\/revisions"}],"predecessor-version":[{"id":56483,"href":"https:\/\/wolfcox.com\/es\/wp-json\/wp\/v2\/pages\/56476\/revisions\/56483"}],"wp:attachment":[{"href":"https:\/\/wolfcox.com\/es\/wp-json\/wp\/v2\/media?parent=56476"}],"curies":[{"name":"wp","href":"https:\/\/api.w.org\/{rel}","templated":true}]}}