{"id":56457,"date":"2014-04-23T14:50:39","date_gmt":"2014-04-23T14:50:39","guid":{"rendered":"https:\/\/wolfcox.com\/about-wolfcox\/"},"modified":"2022-04-05T14:55:04","modified_gmt":"2022-04-05T14:55:04","slug":"about-wolfcox","status":"publish","type":"page","link":"https:\/\/wolfcox.com\/es\/about-wolfcox\/","title":{"rendered":"ABOUT"},"content":{"rendered":"<div class=\"wpb-content-wrapper\"><p>[vc_row full_width=&#8221;stretch_row&#8221; css=&#8221;.vc_custom_1644516626047{padding-top: 30px !important;padding-bottom: 50px !important;background-image: url(https:\/\/wolfcox.com\/wp-content\/uploads\/2022\/04\/image-subpages-about-new-1.jpg?id=56537) !important;background-position: center !important;background-repeat: no-repeat !important;background-size: cover !important;}&#8221;][vc_column][vc_empty_space]<div id=\"ultimate-heading-46469ea41cb0ad8b\" class=\"uvc-heading ult-adjust-bottom-margin ultimate-heading-46469ea41cb0ad8b uvc-1351 accent-border-color color-title\" data-hspacer=\"line_only\"  data-halign=\"left\" style=\"text-align:left\"><div class=\"uvc-main-heading ult-responsive\"  data-ultimate-target='.uvc-heading.ultimate-heading-46469ea41cb0ad8b h2'  data-responsive-json-new='{\"font-size\":\"desktop:30px;\",\"line-height\":\"desktop:40px;\"}' ><h2 style=\"font-weight:bold;color:#ffffff;margin-bottom:10px;\">Sobre Wolfcox<\/h2><\/div><div class=\"uvc-heading-spacer line_only\" style=\"margin-bottom:20px;height:3px;\"><span class=\"uvc-headings-line\" style=\"border-style:solid;border-bottom-width:3px;border-color:#ccc;width:150px;\"><\/span><\/div><div class=\"uvc-sub-heading ult-responsive\"  data-ultimate-target='.uvc-heading.ultimate-heading-46469ea41cb0ad8b .uvc-sub-heading '  data-responsive-json-new='{\"font-size\":\"desktop:22px;\",\"line-height\":\"desktop:28px;\"}'  style=\"font-weight:bold;color:#000000;\"><span style=\"color: #ffffff;\"><strong>Visualizando el futuro<\/strong><\/span><\/div><\/div>[vc_empty_space height=&#8221;52px&#8221;][\/vc_column][\/vc_row][vc_row][vc_column][vc_empty_space height=&#8221;15px&#8221;][\/vc_column][\/vc_row][vc_row css=&#8221;.vc_custom_1644515245990{border: 0px solid #1e73be !important;}&#8221;][vc_column width=&#8221;1\/12&#8243;][\/vc_column][vc_column width=&#8221;5\/6&#8243; css=&#8221;.vc_custom_1643406398215{border-radius: 1px !important;}&#8221;][vc_row_inner content_placement=&#8221;middle&#8221; css=&#8221;.vc_custom_1645135526648{margin-right: 10px !important;margin-left: 10px !important;border-top-width: 2px !important;border-right-width: 2px !important;border-bottom-width: 2px !important;border-left-width: 2px !important;padding-right: 10px !important;padding-left: 10px !important;border-left-color: #1e73be !important;border-left-style: solid !important;border-right-color: #1e73be !important;border-right-style: solid !important;border-top-color: #1e73be !important;border-top-style: solid !important;border-bottom-color: #1e73be !important;border-bottom-style: solid !important;}&#8221;][vc_column_inner width=&#8221;1\/4&#8243;][vc_column_text]<img data-recalc-dims=\"1\" loading=\"lazy\" decoding=\"async\" class=\"size-medium wp-image-56079\" src=\"https:\/\/i0.wp.com\/wolfcox.com\/wp-content\/uploads\/2022\/02\/square-4-1.jpg?resize=300%2C300&#038;ssl=1\" alt=\"\" width=\"300\" height=\"300\" \/>[\/vc_column_text][\/vc_column_inner][vc_column_inner width=&#8221;3\/4&#8243;]<div id=\"ultimate-heading-350369ea41cb0ae01\" class=\"uvc-heading ult-adjust-bottom-margin ultimate-heading-350369ea41cb0ae01 uvc-3109 accent-border-color color-title uvc-heading-default-font-sizes\" data-hspacer=\"line_only\"  data-halign=\"left\" style=\"text-align:left\"><div class=\"uvc-main-heading ult-responsive\"  data-ultimate-target='.uvc-heading.ultimate-heading-350369ea41cb0ae01 h3'  data-responsive-json-new='{\"font-size\":\"\",\"line-height\":\"\"}' ><h3 style=\"font-weight:bold;color:#000000;margin-bottom:10px;\">Nuestra Visi\u00f3n del Futuro<\/h3><\/div><div class=\"uvc-heading-spacer line_only\" style=\"margin-bottom:20px;height:3px;\"><span class=\"uvc-headings-line\" style=\"border-style:solid;border-bottom-width:3px;border-color:#ccc;width:150px;\"><\/span><\/div><\/div>[vc_column_text css=&#8221;.vc_custom_1645135517516{padding-bottom: 30px !important;}&#8221;]<\/p>\n<p style=\"text-align: justify;\">Imaginamos un mundo mas simple y fluido, en donde las soluciones tecnol\u00f3gicas permitan al hombre disfrutar de sus intereses y gustos, en donde el tiempo juegue a favor de la plenitud personal y la satisfacci\u00f3n mayor sea vivir con la tranquilidad de saber que podemos confiar y delegar grandes tareas a la tecnolog\u00eda.<\/p>\n<p>[\/vc_column_text][\/vc_column_inner][\/vc_row_inner][\/vc_column][vc_column width=&#8221;1\/12&#8243;][\/vc_column][\/vc_row][vc_row css=&#8221;.vc_custom_1644515245990{border: 0px solid #1e73be !important;}&#8221;][vc_column width=&#8221;1\/12&#8243;][\/vc_column][vc_column width=&#8221;5\/6&#8243; css=&#8221;.vc_custom_1643406398215{border-radius: 1px !important;}&#8221;][vc_row_inner content_placement=&#8221;middle&#8221; css=&#8221;.vc_custom_1645135534584{margin-right: 10px !important;margin-left: 10px !important;border-top-width: 2px !important;border-right-width: 2px !important;border-bottom-width: 2px !important;border-left-width: 2px !important;padding-right: 10px !important;padding-left: 10px !important;border-left-color: #1e73be !important;border-left-style: solid !important;border-right-color: #1e73be !important;border-right-style: solid !important;border-top-color: #1e73be !important;border-top-style: solid !important;border-bottom-color: #1e73be !important;border-bottom-style: solid !important;}&#8221;][vc_column_inner width=&#8221;1\/4&#8243;][vc_column_text]<img data-recalc-dims=\"1\" loading=\"lazy\" decoding=\"async\" class=\"size-medium wp-image-56079\" src=\"https:\/\/i0.wp.com\/wolfcox.com\/wp-content\/uploads\/2022\/02\/AdobeStock_109998797.jpg?resize=300%2C300&#038;ssl=1\" alt=\"\" width=\"300\" height=\"300\" \/>[\/vc_column_text][\/vc_column_inner][vc_column_inner width=&#8221;3\/4&#8243;]<div id=\"ultimate-heading-349469ea41cb0ae68\" class=\"uvc-heading ult-adjust-bottom-margin ultimate-heading-349469ea41cb0ae68 uvc-7201 accent-border-color color-title uvc-heading-default-font-sizes\" data-hspacer=\"line_only\"  data-halign=\"left\" style=\"text-align:left\"><div class=\"uvc-main-heading ult-responsive\"  data-ultimate-target='.uvc-heading.ultimate-heading-349469ea41cb0ae68 h3'  data-responsive-json-new='{\"font-size\":\"\",\"line-height\":\"\"}' ><h3 style=\"font-weight:bold;color:#000000;margin-bottom:10px;\">Impulsamos el Progreso Tecnol\u00f3gico<\/h3><\/div><div class=\"uvc-heading-spacer line_only\" style=\"margin-bottom:20px;height:3px;\"><span class=\"uvc-headings-line\" style=\"border-style:solid;border-bottom-width:3px;border-color:#ccc;width:150px;\"><\/span><\/div><\/div>[vc_column_text css=&#8221;.vc_custom_1645135636814{padding-bottom: 30px !important;}&#8221;]<\/p>\n<p style=\"text-align: justify;\">Las ideas que nos alientan se encuentran en la misma direcci\u00f3n al progreso tecnol\u00f3gico. Cada etapa de nuestros procesos y desarrollos procuran la innovaci\u00f3n y soluci\u00f3n a casos habituales en donde pensar desde una perspectiva diferente hace la diferencia.<\/p>\n<p>[\/vc_column_text][\/vc_column_inner][\/vc_row_inner][\/vc_column][vc_column width=&#8221;1\/12&#8243;][\/vc_column][\/vc_row][vc_row css=&#8221;.vc_custom_1644515245990{border: 0px solid #1e73be !important;}&#8221;][vc_column width=&#8221;1\/12&#8243;][\/vc_column][vc_column width=&#8221;5\/6&#8243; css=&#8221;.vc_custom_1643406398215{border-radius: 1px !important;}&#8221;][vc_row_inner css=&#8221;.vc_custom_1645135759056{margin-right: 10px !important;margin-left: 10px !important;border-top-width: 2px !important;border-right-width: 2px !important;border-bottom-width: 2px !important;border-left-width: 2px !important;padding-right: 10px !important;padding-left: 10px !important;border-left-color: #1e73be !important;border-left-style: solid !important;border-right-color: #1e73be !important;border-right-style: solid !important;border-top-color: #1e73be !important;border-top-style: solid !important;border-bottom-color: #1e73be !important;border-bottom-style: solid !important;}&#8221;][vc_column_inner width=&#8221;1\/4&#8243;][vc_column_text]<img data-recalc-dims=\"1\" loading=\"lazy\" decoding=\"async\" class=\"size-medium wp-image-56079\" src=\"https:\/\/i0.wp.com\/wolfcox.com\/wp-content\/uploads\/2022\/02\/square-5-2.jpg?resize=300%2C300&#038;ssl=1\" alt=\"\" width=\"300\" height=\"300\" \/>[\/vc_column_text][\/vc_column_inner][vc_column_inner width=&#8221;3\/4&#8243;]<div id=\"ultimate-heading-459169ea41cb0aec9\" class=\"uvc-heading ult-adjust-bottom-margin ultimate-heading-459169ea41cb0aec9 uvc-2043 accent-border-color color-title uvc-heading-default-font-sizes\" data-hspacer=\"line_only\"  data-halign=\"left\" style=\"text-align:left\"><div class=\"uvc-main-heading ult-responsive\"  data-ultimate-target='.uvc-heading.ultimate-heading-459169ea41cb0aec9 h3'  data-responsive-json-new='{\"font-size\":\"\",\"line-height\":\"\"}' ><h3 style=\"font-weight:bold;color:#000000;margin-bottom:10px;\">Nuestra Forma de Lograrlo<\/h3><\/div><div class=\"uvc-heading-spacer line_only\" style=\"margin-bottom:20px;height:3px;\"><span class=\"uvc-headings-line\" style=\"border-style:solid;border-bottom-width:3px;border-color:#ccc;width:150px;\"><\/span><\/div><\/div>[vc_column_text css=&#8221;.vc_custom_1645135705839{padding-bottom: 30px !important;}&#8221;]<\/p>\n<p style=\"text-align: justify;\">dise\u00f1amos soluciones con valores, consideramos al Cliente como el centro de todo nuestro enfoque creativo, la tecnolog\u00eda esta al servicio de hombre y este alcanza sus metas apoyado en ella. El trabajo minucioso nos gu\u00eda y es nuestro faro que nos compromete a dar nuestro esfuerzo adicional en la tarea. Nuestros profesionales est\u00e1n altamente calificados y gozan de una fuerte reputaci\u00f3n en la industria esto nos permite desarrollar proyectos de amplio espectro con metas desafiantes.<br \/>\nMedimos el grado de avance de los desarrollos propios con rigurosidad y los sometemos a pruebas permanentes para probar la confiabilidad de los mismos. Con nuestros clientes permanecemos en cada etapa de la implementaci\u00f3n para asegurar el \u00e9xito propuesto. Alcanzar los objetivos es nuestro comienzo y no descansamos hasta superarlos.<\/p>\n<p>[\/vc_column_text][\/vc_column_inner][\/vc_row_inner][\/vc_column][vc_column width=&#8221;1\/12&#8243;][\/vc_column][\/vc_row][vc_row css=&#8221;.vc_custom_1644515245990{border: 0px solid #1e73be !important;}&#8221;][vc_column width=&#8221;1\/12&#8243;][\/vc_column][vc_column width=&#8221;5\/6&#8243; css=&#8221;.vc_custom_1643406398215{border-radius: 1px !important;}&#8221;][vc_row_inner content_placement=&#8221;middle&#8221; css=&#8221;.vc_custom_1645135550960{margin-right: 10px !important;margin-left: 10px !important;border-top-width: 2px !important;border-right-width: 2px !important;border-bottom-width: 2px !important;border-left-width: 2px !important;padding-right: 10px !important;padding-left: 10px !important;border-left-color: #1e73be !important;border-left-style: solid !important;border-right-color: #1e73be !important;border-right-style: solid !important;border-top-color: #1e73be !important;border-top-style: solid !important;border-bottom-color: #1e73be !important;border-bottom-style: solid !important;}&#8221;][vc_column_inner width=&#8221;1\/4&#8243;][vc_column_text]<img data-recalc-dims=\"1\" loading=\"lazy\" decoding=\"async\" class=\"size-medium wp-image-56079\" src=\"https:\/\/i0.wp.com\/wolfcox.com\/wp-content\/uploads\/2022\/02\/AdobeStock_266512209.jpg?resize=300%2C300&#038;ssl=1\" alt=\"\" width=\"300\" height=\"300\" \/>[\/vc_column_text][\/vc_column_inner][vc_column_inner width=&#8221;3\/4&#8243;]<div id=\"ultimate-heading-208869ea41cb0af38\" class=\"uvc-heading ult-adjust-bottom-margin ultimate-heading-208869ea41cb0af38 uvc-8527 accent-border-color color-title uvc-heading-default-font-sizes\" data-hspacer=\"line_only\"  data-halign=\"left\" style=\"text-align:left\"><div class=\"uvc-main-heading ult-responsive\"  data-ultimate-target='.uvc-heading.ultimate-heading-208869ea41cb0af38 h3'  data-responsive-json-new='{\"font-size\":\"\",\"line-height\":\"\"}' ><h3 style=\"font-weight:bold;color:#000000;margin-bottom:10px;\">Nuestro Compromiso<\/h3><\/div><div class=\"uvc-heading-spacer line_only\" style=\"margin-bottom:20px;height:3px;\"><span class=\"uvc-headings-line\" style=\"border-style:solid;border-bottom-width:3px;border-color:#ccc;width:150px;\"><\/span><\/div><\/div>[vc_column_text css=&#8221;.vc_custom_1645135953575{padding-bottom: 30px !important;}&#8221;]<\/p>\n<p style=\"text-align: justify;\">En Wolfcox asumimos el compromiso de trabajar con innovaci\u00f3n, Dedicaci\u00f3n al detalle e Inteligencia creativa para que todos nuestros clientes sientan orgullo y satisfacci\u00f3n. \u201cSeremos la compa\u00f1\u00eda de desarrollos de innovaci\u00f3n tecnol\u00f3gica m\u00e1s pr\u00f3xima al hombrepues el es nuestro enfoque prioritario.\u201d<\/p>\n<p>[\/vc_column_text][\/vc_column_inner][\/vc_row_inner][\/vc_column][vc_column width=&#8221;1\/12&#8243;][\/vc_column][\/vc_row][vc_row][vc_column][vc_empty_space height=&#8221;52px&#8221;][\/vc_column][\/vc_row]<\/p>\n<\/div>","protected":false},"excerpt":{"rendered":"<p>[vc_row full_width=&#8221;stretch_row&#8221; css=&#8221;.vc_custom_1644516626047{padding-top: 30px !important;padding-bottom: 50px !important;background-image: url(https:\/\/wolfcox.com\/wp-content\/uploads\/2022\/04\/image-subpages-about-new-1.jpg?id=56537) !important;background-position: center !important;background-repeat: no-repeat !important;background-size: cover !important;}&#8221;][vc_column][vc_empty_space][vc_empty_space height=&#8221;52px&#8221;][\/vc_column][\/vc_row][vc_row][vc_column][vc_empty_space height=&#8221;15px&#8221;][\/vc_column][\/vc_row][vc_row css=&#8221;.vc_custom_1644515245990{border: 0px solid #1e73be !important;}&#8221;][vc_column width=&#8221;1\/12&#8243;][\/vc_column][vc_column width=&#8221;5\/6&#8243; css=&#8221;.vc_custom_1643406398215{border-radius: 1px !important;}&#8221;][vc_row_inner content_placement=&#8221;middle&#8221; css=&#8221;.vc_custom_1645135526648{margin-right: 10px !important;margin-left: 10px !important;border-top-width: 2px !important;border-right-width: 2px !important;border-bottom-width: 2px !important;border-left-width: 2px !important;padding-right: 10px !important;padding-left: 10px !important;border-left-color: #1e73be !important;border-left-style: solid !important;border-right-color: #1e73be !important;border-right-style: solid !important;border-top-color: #1e73be !important;border-top-style:&hellip;<\/p>\n","protected":false},"author":4,"featured_media":0,"parent":0,"menu_order":1,"comment_status":"closed","ping_status":"closed","template":"","meta":{"nf_dc_page":"","om_disable_all_campaigns":false,"_monsterinsights_skip_tracking":false,"_monsterinsights_sitenote_active":false,"_monsterinsights_sitenote_note":"","_monsterinsights_sitenote_category":0,"footnotes":""},"class_list":["post-56457","page","type-page","status-publish","hentry","description-off"],"jetpack_sharing_enabled":true,"_links":{"self":[{"href":"https:\/\/wolfcox.com\/es\/wp-json\/wp\/v2\/pages\/56457","targetHints":{"allow":["GET"]}}],"collection":[{"href":"https:\/\/wolfcox.com\/es\/wp-json\/wp\/v2\/pages"}],"about":[{"href":"https:\/\/wolfcox.com\/es\/wp-json\/wp\/v2\/types\/page"}],"author":[{"embeddable":true,"href":"https:\/\/wolfcox.com\/es\/wp-json\/wp\/v2\/users\/4"}],"replies":[{"embeddable":true,"href":"https:\/\/wolfcox.com\/es\/wp-json\/wp\/v2\/comments?post=56457"}],"version-history":[{"count":13,"href":"https:\/\/wolfcox.com\/es\/wp-json\/wp\/v2\/pages\/56457\/revisions"}],"predecessor-version":[{"id":56540,"href":"https:\/\/wolfcox.com\/es\/wp-json\/wp\/v2\/pages\/56457\/revisions\/56540"}],"wp:attachment":[{"href":"https:\/\/wolfcox.com\/es\/wp-json\/wp\/v2\/media?parent=56457"}],"curies":[{"name":"wp","href":"https:\/\/api.w.org\/{rel}","templated":true}]}}