{"id":56454,"date":"2021-12-21T17:07:06","date_gmt":"2021-12-21T17:07:06","guid":{"rendered":"https:\/\/wolfcox.com\/services\/"},"modified":"2022-04-11T14:55:27","modified_gmt":"2022-04-11T14:55:27","slug":"services","status":"publish","type":"page","link":"https:\/\/wolfcox.com\/es\/services\/","title":{"rendered":"SERVICES"},"content":{"rendered":"<div class=\"wpb-content-wrapper\"><p>[vc_row full_width=&#8221;stretch_row&#8221; bg_type=&#8221;image&#8221; css=&#8221;.vc_custom_1644515584621{padding-top: 30px !important;padding-bottom: 50px !important;background-image: url(https:\/\/wolfcox.com\/wp-content\/uploads\/2022\/02\/image-subpages3.jpg?id=56367) !important;}&#8221;][vc_column][vc_empty_space]<div id=\"ultimate-heading-945569ea4aa37a30e\" class=\"uvc-heading ult-adjust-bottom-margin ultimate-heading-945569ea4aa37a30e uvc-4701 accent-border-color color-title\" data-hspacer=\"line_only\"  data-halign=\"left\" style=\"text-align:left\"><div class=\"uvc-main-heading ult-responsive\"  data-ultimate-target='.uvc-heading.ultimate-heading-945569ea4aa37a30e h2'  data-responsive-json-new='{\"font-size\":\"desktop:30px;\",\"line-height\":\"desktop:40px;\"}' ><h2 style=\"font-weight:bold;color:#ffffff;margin-bottom:10px;\">Nuestras Soluciones<\/h2><\/div><div class=\"uvc-heading-spacer line_only\" style=\"margin-bottom:20px;height:3px;\"><span class=\"uvc-headings-line\" style=\"border-style:solid;border-bottom-width:3px;border-color:#ccc;width:150px;\"><\/span><\/div><div class=\"uvc-sub-heading ult-responsive\"  data-ultimate-target='.uvc-heading.ultimate-heading-945569ea4aa37a30e .uvc-sub-heading '  data-responsive-json-new='{\"font-size\":\"desktop:22px;\",\"line-height\":\"desktop:28px;\"}'  style=\"font-weight:bold;color:#000000;\"><strong><span style=\"color: #ffffff;\">Compromiso con el Cliente<\/span><br \/>\n<\/strong><\/div><\/div>[vc_empty_space height=&#8221;52px&#8221;][\/vc_column][\/vc_row][vc_row][vc_column][vc_empty_space height=&#8221;15px&#8221;][\/vc_column][\/vc_row][vc_row css=&#8221;.vc_custom_1644515245990{border: 0px solid #1e73be !important;}&#8221;][vc_column width=&#8221;1\/12&#8243;][\/vc_column][vc_column width=&#8221;5\/6&#8243; css=&#8221;.vc_custom_1643406398215{border-radius: 1px !important;}&#8221;][vc_row_inner content_placement=&#8221;middle&#8221; css=&#8221;.vc_custom_1645134804080{margin-right: 10px !important;margin-left: 10px !important;border-top-width: 2px !important;border-right-width: 2px !important;border-bottom-width: 2px !important;border-left-width: 2px !important;padding-right: 10px !important;padding-bottom: -10px !important;padding-left: 10px !important;border-left-color: #1e73be !important;border-left-style: solid !important;border-right-color: #1e73be !important;border-right-style: solid !important;border-top-color: #1e73be !important;border-top-style: solid !important;border-bottom-color: #1e73be !important;border-bottom-style: solid !important;}&#8221;][vc_column_inner width=&#8221;1\/4&#8243;][vc_column_text]<img data-recalc-dims=\"1\" loading=\"lazy\" decoding=\"async\" class=\"size-medium wp-image-56079\" src=\"https:\/\/i0.wp.com\/wolfcox.com\/wp-content\/uploads\/2022\/02\/square-2-1.jpg?resize=300%2C300&#038;ssl=1\" alt=\"\" width=\"300\" height=\"300\" \/>[\/vc_column_text][\/vc_column_inner][vc_column_inner width=&#8221;3\/4&#8243;]<div id=\"ultimate-heading-38869ea4aa37a388\" class=\"uvc-heading ult-adjust-bottom-margin ultimate-heading-38869ea4aa37a388 uvc-7620 accent-border-color color-title uvc-heading-default-font-sizes\" data-hspacer=\"line_only\"  data-halign=\"left\" style=\"text-align:left\"><div class=\"uvc-main-heading ult-responsive\"  data-ultimate-target='.uvc-heading.ultimate-heading-38869ea4aa37a388 h3'  data-responsive-json-new='{\"font-size\":\"\",\"line-height\":\"\"}' ><h3 style=\"font-weight:bold;margin-bottom:10px;\">Transformaci\u00f3n Digital<\/h3><\/div><div class=\"uvc-heading-spacer line_only\" style=\"margin-bottom:20px;height:3px;\"><span class=\"uvc-headings-line\" style=\"border-style:solid;border-bottom-width:3px;border-color:#ccc;width:150px;\"><\/span><\/div><\/div>[vc_column_text css=&#8221;.vc_custom_1648662055099{padding-bottom: 30px !important;}&#8221;]<\/p>\n<p style=\"text-align: justify;\">La transformaci\u00f3n digital tiende a integrar digitalmente todas las \u00e1reas de la empresa, modificando sus procesos y flujos de trabajo para optimizarlos desde la perspectiva tecnol\u00f3gica. Los beneficios de tal transformaci\u00f3n reducen los costos operativos y tiempos de procesamientos de tareas, generando mayor utilidad y beneficio.<\/p>\n<p>[\/vc_column_text][\/vc_column_inner][\/vc_row_inner][\/vc_column][vc_column width=&#8221;1\/12&#8243;][\/vc_column][\/vc_row][vc_row css=&#8221;.vc_custom_1644515245990{border: 0px solid #1e73be !important;}&#8221;][vc_column width=&#8221;1\/12&#8243;][\/vc_column][vc_column width=&#8221;5\/6&#8243; css=&#8221;.vc_custom_1643406398215{border-radius: 1px !important;}&#8221;][vc_row_inner content_placement=&#8221;middle&#8221; css=&#8221;.vc_custom_1645135004368{margin-right: 10px !important;margin-left: 10px !important;border-top-width: 2px !important;border-right-width: 2px !important;border-bottom-width: 2px !important;border-left-width: 2px !important;padding-right: 10px !important;padding-left: 10px !important;border-left-color: #1e73be !important;border-left-style: solid !important;border-right-color: #1e73be !important;border-right-style: solid !important;border-top-color: #1e73be !important;border-top-style: solid !important;border-bottom-color: #1e73be !important;border-bottom-style: solid !important;}&#8221;][vc_column_inner width=&#8221;1\/4&#8243;][vc_column_text]<img data-recalc-dims=\"1\" loading=\"lazy\" decoding=\"async\" class=\"size-medium wp-image-56079\" src=\"https:\/\/i0.wp.com\/wolfcox.com\/wp-content\/uploads\/2022\/02\/square-3-1.jpg?resize=300%2C300&#038;ssl=1\" alt=\"\" width=\"300\" height=\"300\" \/>[\/vc_column_text][\/vc_column_inner][vc_column_inner width=&#8221;3\/4&#8243;]<div id=\"ultimate-heading-233469ea4aa37a3d1\" class=\"uvc-heading ult-adjust-bottom-margin ultimate-heading-233469ea4aa37a3d1 uvc-8931 accent-border-color color-title uvc-heading-default-font-sizes\" data-hspacer=\"line_only\"  data-halign=\"left\" style=\"text-align:left\"><div class=\"uvc-main-heading ult-responsive\"  data-ultimate-target='.uvc-heading.ultimate-heading-233469ea4aa37a3d1 h3'  data-responsive-json-new='{\"font-size\":\"\",\"line-height\":\"\"}' ><h3 style=\"font-weight:bold;margin-bottom:10px;\">Cloud Computing<\/h3><\/div><div class=\"uvc-heading-spacer line_only\" style=\"margin-bottom:20px;height:3px;\"><span class=\"uvc-headings-line\" style=\"border-style:solid;border-bottom-width:3px;border-color:#ccc;width:150px;\"><\/span><\/div><\/div>[vc_column_text css=&#8221;.vc_custom_1648662080654{padding-bottom: 30px !important;}&#8221;]<\/p>\n<p style=\"text-align: justify;\">La ingenier\u00eda de sistemas aplicada a la Nube en sus m\u00faltiples formatos proporciona una estructura de calculo computacional flexible y escalable acorde a cada momento de la organizaci\u00f3n, ya sea planificado o en tiempo real. Esta tecnolog\u00eda y su consecuente infraestructura fortalecen la estabilidad y avance de las empresas en su b\u00fasqueda por la excelencia en el mundo digital.<\/p>\n<p>[\/vc_column_text][\/vc_column_inner][\/vc_row_inner][\/vc_column][vc_column width=&#8221;1\/12&#8243;][\/vc_column][\/vc_row][vc_row css=&#8221;.vc_custom_1644515245990{border: 0px solid #1e73be !important;}&#8221;][vc_column width=&#8221;1\/12&#8243;][\/vc_column][vc_column width=&#8221;5\/6&#8243; css=&#8221;.vc_custom_1643406398215{border-radius: 1px !important;}&#8221;][vc_row_inner content_placement=&#8221;middle&#8221; css=&#8221;.vc_custom_1645135024574{margin-right: 10px !important;margin-left: 10px !important;border-top-width: 2px !important;border-right-width: 2px !important;border-bottom-width: 2px !important;border-left-width: 2px !important;padding-right: 10px !important;padding-left: 10px !important;border-left-color: #1e73be !important;border-left-style: solid !important;border-right-color: #1e73be !important;border-right-style: solid !important;border-top-color: #1e73be !important;border-top-style: solid !important;border-bottom-color: #1e73be !important;border-bottom-style: solid !important;}&#8221;][vc_column_inner width=&#8221;1\/4&#8243;][vc_column_text]<img data-recalc-dims=\"1\" loading=\"lazy\" decoding=\"async\" class=\"size-medium wp-image-56079\" src=\"https:\/\/i0.wp.com\/wolfcox.com\/wp-content\/uploads\/2021\/10\/AdobeStock_295445742.jpg?resize=300%2C300&#038;ssl=1\" alt=\"\" width=\"300\" height=\"300\" \/>[\/vc_column_text][\/vc_column_inner][vc_column_inner width=&#8221;3\/4&#8243;]<div id=\"ultimate-heading-661869ea4aa37a411\" class=\"uvc-heading ult-adjust-bottom-margin ultimate-heading-661869ea4aa37a411 uvc-299 accent-border-color color-title uvc-heading-default-font-sizes\" data-hspacer=\"line_only\"  data-halign=\"left\" style=\"text-align:left\"><div class=\"uvc-main-heading ult-responsive\"  data-ultimate-target='.uvc-heading.ultimate-heading-661869ea4aa37a411 h3'  data-responsive-json-new='{\"font-size\":\"\",\"line-height\":\"\"}' ><h3 style=\"font-weight:bold;margin-bottom:10px;\">Experiencia del Cliente y An\u00e1lisis de Datos:<\/h3><\/div><div class=\"uvc-heading-spacer line_only\" style=\"margin-bottom:20px;height:3px;\"><span class=\"uvc-headings-line\" style=\"border-style:solid;border-bottom-width:3px;border-color:#ccc;width:150px;\"><\/span><\/div><\/div>[vc_column_text css=&#8221;.vc_custom_1648662123818{padding-bottom: 30px !important;}&#8221;]<\/p>\n<p style=\"text-align: justify;\">Para optimizar la experiencia de los usuarios y clientes de nuevas tecnolog\u00edas se busca comprender las expectativas y preferencias de quienes interact\u00faan en el entorno digital, con esta premisa y por medio de variadas herramientas de an\u00e1lisis de datos se dise\u00f1an soluciones para la din\u00e1mica vida moderna<\/p>\n<p>[\/vc_column_text][\/vc_column_inner][\/vc_row_inner][\/vc_column][vc_column width=&#8221;1\/12&#8243;][\/vc_column][\/vc_row][vc_row css=&#8221;.vc_custom_1644515245990{border: 0px solid #1e73be !important;}&#8221;][vc_column width=&#8221;1\/12&#8243;][\/vc_column][vc_column width=&#8221;5\/6&#8243; css=&#8221;.vc_custom_1643406398215{border-radius: 1px !important;}&#8221;][vc_row_inner content_placement=&#8221;middle&#8221; css=&#8221;.vc_custom_1645135042441{margin-right: 10px !important;margin-left: 10px !important;border-top-width: 2px !important;border-right-width: 2px !important;border-bottom-width: 2px !important;border-left-width: 2px !important;padding-right: 10px !important;padding-left: 10px !important;border-left-color: #1e73be !important;border-left-style: solid !important;border-right-color: #1e73be !important;border-right-style: solid !important;border-top-color: #1e73be !important;border-top-style: solid !important;border-bottom-color: #1e73be !important;border-bottom-style: solid !important;}&#8221;][vc_column_inner width=&#8221;1\/4&#8243;][vc_column_text]<img data-recalc-dims=\"1\" loading=\"lazy\" decoding=\"async\" class=\"size-medium wp-image-56079\" src=\"https:\/\/i0.wp.com\/wolfcox.com\/wp-content\/uploads\/2022\/02\/square-1-1.jpg?resize=300%2C300&#038;ssl=1\" alt=\"\" width=\"300\" height=\"300\" \/>[\/vc_column_text][\/vc_column_inner][vc_column_inner width=&#8221;3\/4&#8243;]<div id=\"ultimate-heading-368469ea4aa37a44d\" class=\"uvc-heading ult-adjust-bottom-margin ultimate-heading-368469ea4aa37a44d uvc-6575 accent-border-color color-title uvc-heading-default-font-sizes\" data-hspacer=\"line_only\"  data-halign=\"left\" style=\"text-align:left\"><div class=\"uvc-main-heading ult-responsive\"  data-ultimate-target='.uvc-heading.ultimate-heading-368469ea4aa37a44d h3'  data-responsive-json-new='{\"font-size\":\"\",\"line-height\":\"\"}' ><h3 style=\"font-weight:bold;margin-bottom:10px;\">I.A.<\/h3><\/div><div class=\"uvc-heading-spacer line_only\" style=\"margin-bottom:20px;height:3px;\"><span class=\"uvc-headings-line\" style=\"border-style:solid;border-bottom-width:3px;border-color:#ccc;width:150px;\"><\/span><\/div><\/div>[vc_column_text css=&#8221;.vc_custom_1648662137930{padding-bottom: 30px !important;}&#8221;]<\/p>\n<p style=\"text-align: justify;\">En la b\u00fasqueda por comprender y desarrollar procesos aut\u00f3nomos de l\u00f3gica s\u00f3lida, alentamos la innovaci\u00f3n con el uso Inteligencia Artificial, lo cual permite el proceso de toma de decisiones con mayor confianza y rigurosidad.<\/p>\n<p>[\/vc_column_text][\/vc_column_inner][\/vc_row_inner][\/vc_column][vc_column width=&#8221;1\/12&#8243;][\/vc_column][\/vc_row][vc_row][vc_column][vc_empty_space height=&#8221;52px&#8221;][\/vc_column][\/vc_row]<\/p>\n<\/div>","protected":false},"excerpt":{"rendered":"<p>[vc_row full_width=&#8221;stretch_row&#8221; bg_type=&#8221;image&#8221; css=&#8221;.vc_custom_1644515584621{padding-top: 30px !important;padding-bottom: 50px !important;background-image: url(https:\/\/wolfcox.com\/wp-content\/uploads\/2022\/02\/image-subpages3.jpg?id=56367) !important;}&#8221;][vc_column][vc_empty_space][vc_empty_space height=&#8221;52px&#8221;][\/vc_column][\/vc_row][vc_row][vc_column][vc_empty_space height=&#8221;15px&#8221;][\/vc_column][\/vc_row][vc_row css=&#8221;.vc_custom_1644515245990{border: 0px solid #1e73be !important;}&#8221;][vc_column width=&#8221;1\/12&#8243;][\/vc_column][vc_column width=&#8221;5\/6&#8243; css=&#8221;.vc_custom_1643406398215{border-radius: 1px !important;}&#8221;][vc_row_inner content_placement=&#8221;middle&#8221; css=&#8221;.vc_custom_1645134804080{margin-right: 10px !important;margin-left: 10px !important;border-top-width: 2px !important;border-right-width: 2px !important;border-bottom-width: 2px !important;border-left-width: 2px !important;padding-right: 10px !important;padding-bottom: -10px !important;padding-left: 10px !important;border-left-color: #1e73be !important;border-left-style: solid !important;border-right-color: #1e73be !important;border-right-style: solid !important;border-top-color: #1e73be !important;border-top-style: solid !important;border-bottom-color: #1e73be&hellip;<\/p>\n","protected":false},"author":5,"featured_media":0,"parent":0,"menu_order":1,"comment_status":"closed","ping_status":"closed","template":"","meta":{"nf_dc_page":"","om_disable_all_campaigns":false,"_monsterinsights_skip_tracking":false,"_monsterinsights_sitenote_active":false,"_monsterinsights_sitenote_note":"","_monsterinsights_sitenote_category":0,"footnotes":""},"class_list":["post-56454","page","type-page","status-publish","hentry","description-off"],"jetpack_sharing_enabled":true,"_links":{"self":[{"href":"https:\/\/wolfcox.com\/es\/wp-json\/wp\/v2\/pages\/56454","targetHints":{"allow":["GET"]}}],"collection":[{"href":"https:\/\/wolfcox.com\/es\/wp-json\/wp\/v2\/pages"}],"about":[{"href":"https:\/\/wolfcox.com\/es\/wp-json\/wp\/v2\/types\/page"}],"author":[{"embeddable":true,"href":"https:\/\/wolfcox.com\/es\/wp-json\/wp\/v2\/users\/5"}],"replies":[{"embeddable":true,"href":"https:\/\/wolfcox.com\/es\/wp-json\/wp\/v2\/comments?post=56454"}],"version-history":[{"count":6,"href":"https:\/\/wolfcox.com\/es\/wp-json\/wp\/v2\/pages\/56454\/revisions"}],"predecessor-version":[{"id":56542,"href":"https:\/\/wolfcox.com\/es\/wp-json\/wp\/v2\/pages\/56454\/revisions\/56542"}],"wp:attachment":[{"href":"https:\/\/wolfcox.com\/es\/wp-json\/wp\/v2\/media?parent=56454"}],"curies":[{"name":"wp","href":"https:\/\/api.w.org\/{rel}","templated":true}]}}